{"id":184,"date":"2022-03-31T13:18:50","date_gmt":"2022-03-31T13:18:50","guid":{"rendered":"http:\/\/slm-health.com\/?page_id=184"},"modified":"2022-04-18T14:25:51","modified_gmt":"2022-04-18T14:25:51","slug":"extras","status":"publish","type":"page","link":"https:\/\/slm-health.com\/en\/extras\/","title":{"rendered":"Extras"},"content":{"rendered":"\n<p class=\"font-family: 'Cairo', sans-serif; 'Noto Kufi Arabic',\">We offer our patients and guests medical services in the best hospitals and specialist clinics in Germany. We work with the most exquisite and renowned hospitals and clinics in the Rhine-Main area. If requested, the service can also include sightseeing, convalescence, wellness, recreation and shopping. We also offer additional services for business people.&nbsp;<\/p>\n\n\n\n<div class=\"wp-block-jetpack-slideshow aligncenter\" data-autoplay=\"true\" data-delay=\"2.5\" data-effect=\"slide\"><div class=\"wp-block-jetpack-slideshow_container swiper-container\"><ul class=\"wp-block-jetpack-slideshow_swiper-wrapper swiper-wrapper\"><li class=\"wp-block-jetpack-slideshow_slide swiper-slide\"><figure><img loading=\"lazy\" decoding=\"async\" width=\"2560\" height=\"750\" alt=\"\" class=\"wp-block-jetpack-slideshow_image wp-image-602\" data-id=\"602\" src=\"https:\/\/slm-health.com\/wp-content\/uploads\/2022\/04\/D8-scaled.jpg\" srcset=\"https:\/\/slm-health.com\/wp-content\/uploads\/2022\/04\/D8-scaled.jpg 2560w, https:\/\/slm-health.com\/wp-content\/uploads\/2022\/04\/D8-300x88.jpg 300w, https:\/\/slm-health.com\/wp-content\/uploads\/2022\/04\/D8-1024x300.jpg 1024w, https:\/\/slm-health.com\/wp-content\/uploads\/2022\/04\/D8-768x225.jpg 768w, https:\/\/slm-health.com\/wp-content\/uploads\/2022\/04\/D8-1536x450.jpg 1536w, https:\/\/slm-health.com\/wp-content\/uploads\/2022\/04\/D8-2048x600.jpg 2048w, https:\/\/slm-health.com\/wp-content\/uploads\/2022\/04\/D8-18x5.jpg 18w\" sizes=\"(max-width: 2560px) 100vw, 2560px\" \/><\/figure><\/li><li class=\"wp-block-jetpack-slideshow_slide swiper-slide\"><figure><img loading=\"lazy\" decoding=\"async\" width=\"2560\" height=\"880\" alt=\"\" class=\"wp-block-jetpack-slideshow_image wp-image-605\" data-id=\"605\" src=\"https:\/\/slm-health.com\/wp-content\/uploads\/2022\/04\/D7-scaled.jpg\" srcset=\"https:\/\/slm-health.com\/wp-content\/uploads\/2022\/04\/D7-scaled.jpg 2560w, https:\/\/slm-health.com\/wp-content\/uploads\/2022\/04\/D7-300x103.jpg 300w, https:\/\/slm-health.com\/wp-content\/uploads\/2022\/04\/D7-1024x352.jpg 1024w, https:\/\/slm-health.com\/wp-content\/uploads\/2022\/04\/D7-768x264.jpg 768w, https:\/\/slm-health.com\/wp-content\/uploads\/2022\/04\/D7-1536x528.jpg 1536w, https:\/\/slm-health.com\/wp-content\/uploads\/2022\/04\/D7-2048x704.jpg 2048w, https:\/\/slm-health.com\/wp-content\/uploads\/2022\/04\/D7-18x6.jpg 18w\" sizes=\"(max-width: 2560px) 100vw, 2560px\" \/><\/figure><\/li><li class=\"wp-block-jetpack-slideshow_slide swiper-slide\"><figure><img loading=\"lazy\" decoding=\"async\" width=\"2560\" height=\"809\" alt=\"\" class=\"wp-block-jetpack-slideshow_image wp-image-604\" data-id=\"604\" src=\"https:\/\/slm-health.com\/wp-content\/uploads\/2022\/04\/D9-scaled.jpg\" srcset=\"https:\/\/slm-health.com\/wp-content\/uploads\/2022\/04\/D9-scaled.jpg 2560w, https:\/\/slm-health.com\/wp-content\/uploads\/2022\/04\/D9-300x95.jpg 300w, https:\/\/slm-health.com\/wp-content\/uploads\/2022\/04\/D9-1024x324.jpg 1024w, https:\/\/slm-health.com\/wp-content\/uploads\/2022\/04\/D9-768x243.jpg 768w, https:\/\/slm-health.com\/wp-content\/uploads\/2022\/04\/D9-1536x485.jpg 1536w, https:\/\/slm-health.com\/wp-content\/uploads\/2022\/04\/D9-2048x647.jpg 2048w, https:\/\/slm-health.com\/wp-content\/uploads\/2022\/04\/D9-18x6.jpg 18w\" sizes=\"(max-width: 2560px) 100vw, 2560px\" \/><\/figure><\/li><li class=\"wp-block-jetpack-slideshow_slide swiper-slide\"><figure><img loading=\"lazy\" decoding=\"async\" width=\"2560\" height=\"835\" alt=\"\" class=\"wp-block-jetpack-slideshow_image wp-image-601\" data-id=\"601\" src=\"https:\/\/slm-health.com\/wp-content\/uploads\/2022\/04\/D5-scaled.jpg\" srcset=\"https:\/\/slm-health.com\/wp-content\/uploads\/2022\/04\/D5-scaled.jpg 2560w, https:\/\/slm-health.com\/wp-content\/uploads\/2022\/04\/D5-300x98.jpg 300w, https:\/\/slm-health.com\/wp-content\/uploads\/2022\/04\/D5-1024x334.jpg 1024w, https:\/\/slm-health.com\/wp-content\/uploads\/2022\/04\/D5-768x250.jpg 768w, https:\/\/slm-health.com\/wp-content\/uploads\/2022\/04\/D5-1536x501.jpg 1536w, https:\/\/slm-health.com\/wp-content\/uploads\/2022\/04\/D5-2048x668.jpg 2048w, https:\/\/slm-health.com\/wp-content\/uploads\/2022\/04\/D5-18x6.jpg 18w\" sizes=\"(max-width: 2560px) 100vw, 2560px\" \/><\/figure><\/li><li class=\"wp-block-jetpack-slideshow_slide swiper-slide\"><figure><img loading=\"lazy\" decoding=\"async\" width=\"2560\" height=\"869\" alt=\"\" class=\"wp-block-jetpack-slideshow_image wp-image-603\" data-id=\"603\" src=\"https:\/\/slm-health.com\/wp-content\/uploads\/2022\/04\/D10-scaled.jpg\" srcset=\"https:\/\/slm-health.com\/wp-content\/uploads\/2022\/04\/D10-scaled.jpg 2560w, https:\/\/slm-health.com\/wp-content\/uploads\/2022\/04\/D10-300x102.jpg 300w, https:\/\/slm-health.com\/wp-content\/uploads\/2022\/04\/D10-1024x348.jpg 1024w, https:\/\/slm-health.com\/wp-content\/uploads\/2022\/04\/D10-768x261.jpg 768w, https:\/\/slm-health.com\/wp-content\/uploads\/2022\/04\/D10-1536x521.jpg 1536w, https:\/\/slm-health.com\/wp-content\/uploads\/2022\/04\/D10-2048x695.jpg 2048w, https:\/\/slm-health.com\/wp-content\/uploads\/2022\/04\/D10-18x6.jpg 18w\" sizes=\"(max-width: 2560px) 100vw, 2560px\" \/><\/figure><\/li><\/ul><a class=\"wp-block-jetpack-slideshow_button-prev swiper-button-prev swiper-button-white\" role=\"button\"><\/a><a class=\"wp-block-jetpack-slideshow_button-next swiper-button-next swiper-button-white\" role=\"button\"><\/a><a aria-label=\"Pause Slideshow\" class=\"wp-block-jetpack-slideshow_button-pause\" role=\"button\"><\/a><div class=\"wp-block-jetpack-slideshow_pagination swiper-pagination swiper-pagination-white\"><\/div><\/div><\/div>\n\n\n\n<p><\/p>\n\n\n\n<p>Wir bieten unseren Patienten und G\u00e4sten in den besten Krankenh\u00e4usern und Fachkliniken Deutschlands medizinische Leistungen. Wir arbeiten mit den erlesensten und renommiertesten Krankenh\u00e4usern und Kliniken des Rhein-Main-Gebietes zusammen. Bei Nachfrage, k\u00f6nnen diese auch unter anderem Sightseeing, Genesung, Wellness, Erholung und Shopping enthalten. Dazu bieten wir zus\u00e4tzliche Services f\u00fcr Gesch\u00e4ftsleute an. <\/p>\n","protected":false},"excerpt":{"rendered":"<p>We offer our patients and guests medical services in the best hospitals and specialist clinics in Germany. We work with the most exquisite and renowned hospitals and clinics in the [&hellip;]<\/p>\n","protected":false},"author":1,"featured_media":0,"parent":0,"menu_order":0,"comment_status":"closed","ping_status":"closed","template":"","meta":{"_gspb_post_css":"","footnotes":""},"class_list":["post-184","page","type-page","status-publish","hentry"],"featured_image_src":null,"yoast_head":"<!-- This site is optimized with the Yoast SEO plugin v27.3 - https:\/\/yoast.com\/product\/yoast-seo-wordpress\/ -->\n<title>Extras \u0627\u0644\u0639\u0644\u0627\u062c \u0641\u064a \u0623\u0644\u0645\u0627\u0646\u064a\u0627 - SLM-Health Germany<\/title>\n<meta name=\"description\" content=\"\u0627\u0644\u0639\u0644\u0627\u062c \u0641\u064a \u0623\u0644\u0645\u0627\u0646\u064a\u0627 - \u0644\u0643\u0627\u0641\u0629 \u0627\u0644\u062d\u0627\u0644\u0627\u062a \u0627\u0644\u0645\u0631\u0636\u064a\u0629 \u0648\u0627\u0644\u0641\u062d\u0648\u0635\u0627\u062a \u0627\u0644\u0648\u0642\u0627\u0626\u064a\u0629, \u0646\u0633\u062a\u0642\u0628\u0644 \u0637\u0644\u0628\u0627\u062a\u0643\u0645 \u0648\u0623\u0633\u0626\u0644\u062a\u0643\u0645 \u0648\u0625\u0633\u062a\u0634\u0627\u0631\u0627\u062a\u0643\u0645 \u0627\u0644\u0637\u0628\u064a\u0629 (\u0639\u0644\u0649 \u0645\u062f\u0627\u0631 \u0627\u0644\u0633\u0627\u0639\u0629)\" \/>\n<meta name=\"robots\" content=\"index, follow, max-snippet:-1, max-image-preview:large, max-video-preview:-1\" \/>\n<link rel=\"canonical\" href=\"http:\/\/slm-health.com\/en\/extras\/\" \/>\n<meta property=\"og:locale\" content=\"en_GB\" \/>\n<meta property=\"og:type\" content=\"article\" \/>\n<meta property=\"og:title\" content=\"Extras \u0627\u0644\u0639\u0644\u0627\u062c \u0641\u064a \u0623\u0644\u0645\u0627\u0646\u064a\u0627 - SLM-Health Germany\" \/>\n<meta property=\"og:description\" content=\"\u0627\u0644\u0639\u0644\u0627\u062c \u0641\u064a \u0623\u0644\u0645\u0627\u0646\u064a\u0627 - \u0644\u0643\u0627\u0641\u0629 \u0627\u0644\u062d\u0627\u0644\u0627\u062a \u0627\u0644\u0645\u0631\u0636\u064a\u0629 \u0648\u0627\u0644\u0641\u062d\u0648\u0635\u0627\u062a \u0627\u0644\u0648\u0642\u0627\u0626\u064a\u0629, \u0646\u0633\u062a\u0642\u0628\u0644 \u0637\u0644\u0628\u0627\u062a\u0643\u0645 \u0648\u0623\u0633\u0626\u0644\u062a\u0643\u0645 \u0648\u0625\u0633\u062a\u0634\u0627\u0631\u0627\u062a\u0643\u0645 \u0627\u0644\u0637\u0628\u064a\u0629 (\u0639\u0644\u0649 \u0645\u062f\u0627\u0631 \u0627\u0644\u0633\u0627\u0639\u0629)\" \/>\n<meta property=\"og:url\" content=\"http:\/\/slm-health.com\/en\/extras\/\" \/>\n<meta property=\"og:site_name\" content=\"\u0627\u0644\u0639\u0644\u0627\u062c \u0641\u064a \u0623\u0644\u0645\u0627\u0646\u064a\u0627 - SLM-Health Germany\" \/>\n<meta property=\"article:modified_time\" content=\"2022-04-18T14:25:51+00:00\" \/>\n<meta property=\"og:image\" content=\"https:\/\/slm-health.com\/wp-content\/uploads\/2022\/04\/D8-scaled.jpg\" \/>\n<meta name=\"twitter:card\" content=\"summary_large_image\" \/>\n<meta name=\"twitter:site\" content=\"@slmService2007\" \/>\n<meta name=\"twitter:label1\" content=\"Estimated reading time\" \/>\n\t<meta name=\"twitter:data1\" content=\"2 minutes\" \/>\n<script type=\"application\/ld+json\" class=\"yoast-schema-graph\">{\"@context\":\"https:\\\/\\\/schema.org\",\"@graph\":[{\"@type\":\"WebPage\",\"@id\":\"http:\\\/\\\/slm-health.com\\\/en\\\/extras\\\/\",\"url\":\"http:\\\/\\\/slm-health.com\\\/en\\\/extras\\\/\",\"name\":\"Extras \u0627\u0644\u0639\u0644\u0627\u062c \u0641\u064a \u0623\u0644\u0645\u0627\u0646\u064a\u0627 - SLM-Health Germany\",\"isPartOf\":{\"@id\":\"http:\\\/\\\/slm-health.com\\\/en\\\/#website\"},\"primaryImageOfPage\":{\"@id\":\"http:\\\/\\\/slm-health.com\\\/en\\\/extras\\\/#primaryimage\"},\"image\":{\"@id\":\"http:\\\/\\\/slm-health.com\\\/en\\\/extras\\\/#primaryimage\"},\"thumbnailUrl\":\"https:\\\/\\\/slm-health.com\\\/wp-content\\\/uploads\\\/2022\\\/04\\\/D8-scaled.jpg\",\"datePublished\":\"2022-03-31T13:18:50+00:00\",\"dateModified\":\"2022-04-18T14:25:51+00:00\",\"description\":\"\u0627\u0644\u0639\u0644\u0627\u062c \u0641\u064a \u0623\u0644\u0645\u0627\u0646\u064a\u0627 - \u0644\u0643\u0627\u0641\u0629 \u0627\u0644\u062d\u0627\u0644\u0627\u062a \u0627\u0644\u0645\u0631\u0636\u064a\u0629 \u0648\u0627\u0644\u0641\u062d\u0648\u0635\u0627\u062a \u0627\u0644\u0648\u0642\u0627\u0626\u064a\u0629, \u0646\u0633\u062a\u0642\u0628\u0644 \u0637\u0644\u0628\u0627\u062a\u0643\u0645 \u0648\u0623\u0633\u0626\u0644\u062a\u0643\u0645 \u0648\u0625\u0633\u062a\u0634\u0627\u0631\u0627\u062a\u0643\u0645 \u0627\u0644\u0637\u0628\u064a\u0629 (\u0639\u0644\u0649 \u0645\u062f\u0627\u0631 \u0627\u0644\u0633\u0627\u0639\u0629)\",\"breadcrumb\":{\"@id\":\"http:\\\/\\\/slm-health.com\\\/en\\\/extras\\\/#breadcrumb\"},\"inLanguage\":\"en-GB\",\"potentialAction\":[{\"@type\":\"ReadAction\",\"target\":[\"http:\\\/\\\/slm-health.com\\\/en\\\/extras\\\/\"]}]},{\"@type\":\"ImageObject\",\"inLanguage\":\"en-GB\",\"@id\":\"http:\\\/\\\/slm-health.com\\\/en\\\/extras\\\/#primaryimage\",\"url\":\"https:\\\/\\\/slm-health.com\\\/wp-content\\\/uploads\\\/2022\\\/04\\\/D8-scaled.jpg\",\"contentUrl\":\"https:\\\/\\\/slm-health.com\\\/wp-content\\\/uploads\\\/2022\\\/04\\\/D8-scaled.jpg\"},{\"@type\":\"BreadcrumbList\",\"@id\":\"http:\\\/\\\/slm-health.com\\\/en\\\/extras\\\/#breadcrumb\",\"itemListElement\":[{\"@type\":\"ListItem\",\"position\":1,\"name\":\"Startseite\",\"item\":\"http:\\\/\\\/slm-health.com\\\/en\\\/\"},{\"@type\":\"ListItem\",\"position\":2,\"name\":\"Extras\"}]},{\"@type\":\"WebSite\",\"@id\":\"http:\\\/\\\/slm-health.com\\\/en\\\/#website\",\"url\":\"http:\\\/\\\/slm-health.com\\\/en\\\/\",\"name\":\"\u0627\u0644\u0639\u0644\u0627\u062c \u0641\u064a \u0623\u0644\u0645\u0627\u0646\u064a\u0627 - SLM-Health Germany\",\"description\":\"\u0627\u0644\u0639\u0644\u0627\u062c \u0641\u064a \u0623\u0644\u0645\u0627\u0646\u064a\u0627 - \u0644\u0643\u0627\u0641\u0629 \u0627\u0644\u062d\u0627\u0644\u0627\u062a \u0627\u0644\u0645\u0631\u0636\u064a\u0629 \u0648\u0627\u0644\u0641\u062d\u0648\u0635\u0627\u062a \u0627\u0644\u0648\u0642\u0627\u0626\u064a\u0629, \u0646\u0633\u062a\u0642\u0628\u0644 \u0637\u0644\u0628\u0627\u062a\u0643\u0645 \u0648\u0623\u0633\u0626\u0644\u062a\u0643\u0645 \u0648\u0625\u0633\u062a\u0634\u0627\u0631\u0627\u062a\u0643\u0645 \u0627\u0644\u0637\u0628\u064a\u0629 &quot;\u0639\u0644\u0649 \u0645\u062f\u0627\u0631 \u0627\u0644\u0633\u0627\u0639\u0629 &quot;\",\"publisher\":{\"@id\":\"http:\\\/\\\/slm-health.com\\\/en\\\/#organization\"},\"potentialAction\":[{\"@type\":\"SearchAction\",\"target\":{\"@type\":\"EntryPoint\",\"urlTemplate\":\"http:\\\/\\\/slm-health.com\\\/en\\\/?s={search_term_string}\"},\"query-input\":{\"@type\":\"PropertyValueSpecification\",\"valueRequired\":true,\"valueName\":\"search_term_string\"}}],\"inLanguage\":\"en-GB\"},{\"@type\":\"Organization\",\"@id\":\"http:\\\/\\\/slm-health.com\\\/en\\\/#organization\",\"name\":\"\u0627\u0644\u0639\u0644\u0627\u062c \u0641\u064a \u0623\u0644\u0645\u0627\u0646\u064a\u0627 - SLM-Health Germany\",\"url\":\"http:\\\/\\\/slm-health.com\\\/en\\\/\",\"logo\":{\"@type\":\"ImageObject\",\"inLanguage\":\"en-GB\",\"@id\":\"http:\\\/\\\/slm-health.com\\\/en\\\/#\\\/schema\\\/logo\\\/image\\\/\",\"url\":\"https:\\\/\\\/slm-health.com\\\/wp-content\\\/uploads\\\/2022\\\/04\\\/8CD77F4F-8DEF-4CC3-9756-D7BBE81A489A-e1650031049836.png\",\"contentUrl\":\"https:\\\/\\\/slm-health.com\\\/wp-content\\\/uploads\\\/2022\\\/04\\\/8CD77F4F-8DEF-4CC3-9756-D7BBE81A489A-e1650031049836.png\",\"width\":512,\"height\":512,\"caption\":\"\u0627\u0644\u0639\u0644\u0627\u062c \u0641\u064a \u0623\u0644\u0645\u0627\u0646\u064a\u0627 - SLM-Health Germany\"},\"image\":{\"@id\":\"http:\\\/\\\/slm-health.com\\\/en\\\/#\\\/schema\\\/logo\\\/image\\\/\"},\"sameAs\":[\"https:\\\/\\\/x.com\\\/slmService2007\",\"https:\\\/\\\/www.instagram.com\\\/slm_health2007\\\/?hl=en\"]}]}<\/script>\n<!-- \/ Yoast SEO plugin. -->","yoast_head_json":{"title":"Extras \u0627\u0644\u0639\u0644\u0627\u062c \u0641\u064a \u0623\u0644\u0645\u0627\u0646\u064a\u0627 - SLM-Health Germany","description":"\u0627\u0644\u0639\u0644\u0627\u062c \u0641\u064a \u0623\u0644\u0645\u0627\u0646\u064a\u0627 - \u0644\u0643\u0627\u0641\u0629 \u0627\u0644\u062d\u0627\u0644\u0627\u062a \u0627\u0644\u0645\u0631\u0636\u064a\u0629 \u0648\u0627\u0644\u0641\u062d\u0648\u0635\u0627\u062a \u0627\u0644\u0648\u0642\u0627\u0626\u064a\u0629, \u0646\u0633\u062a\u0642\u0628\u0644 \u0637\u0644\u0628\u0627\u062a\u0643\u0645 \u0648\u0623\u0633\u0626\u0644\u062a\u0643\u0645 \u0648\u0625\u0633\u062a\u0634\u0627\u0631\u0627\u062a\u0643\u0645 \u0627\u0644\u0637\u0628\u064a\u0629 (\u0639\u0644\u0649 \u0645\u062f\u0627\u0631 \u0627\u0644\u0633\u0627\u0639\u0629)","robots":{"index":"index","follow":"follow","max-snippet":"max-snippet:-1","max-image-preview":"max-image-preview:large","max-video-preview":"max-video-preview:-1"},"canonical":"http:\/\/slm-health.com\/en\/extras\/","og_locale":"en_GB","og_type":"article","og_title":"Extras \u0627\u0644\u0639\u0644\u0627\u062c \u0641\u064a \u0623\u0644\u0645\u0627\u0646\u064a\u0627 - SLM-Health Germany","og_description":"\u0627\u0644\u0639\u0644\u0627\u062c \u0641\u064a \u0623\u0644\u0645\u0627\u0646\u064a\u0627 - \u0644\u0643\u0627\u0641\u0629 \u0627\u0644\u062d\u0627\u0644\u0627\u062a \u0627\u0644\u0645\u0631\u0636\u064a\u0629 \u0648\u0627\u0644\u0641\u062d\u0648\u0635\u0627\u062a \u0627\u0644\u0648\u0642\u0627\u0626\u064a\u0629, \u0646\u0633\u062a\u0642\u0628\u0644 \u0637\u0644\u0628\u0627\u062a\u0643\u0645 \u0648\u0623\u0633\u0626\u0644\u062a\u0643\u0645 \u0648\u0625\u0633\u062a\u0634\u0627\u0631\u0627\u062a\u0643\u0645 \u0627\u0644\u0637\u0628\u064a\u0629 (\u0639\u0644\u0649 \u0645\u062f\u0627\u0631 \u0627\u0644\u0633\u0627\u0639\u0629)","og_url":"http:\/\/slm-health.com\/en\/extras\/","og_site_name":"\u0627\u0644\u0639\u0644\u0627\u062c \u0641\u064a \u0623\u0644\u0645\u0627\u0646\u064a\u0627 - SLM-Health Germany","article_modified_time":"2022-04-18T14:25:51+00:00","og_image":[{"url":"https:\/\/slm-health.com\/wp-content\/uploads\/2022\/04\/D8-scaled.jpg","type":"","width":"","height":""}],"twitter_card":"summary_large_image","twitter_site":"@slmService2007","twitter_misc":{"Estimated reading time":"2 minutes"},"schema":{"@context":"https:\/\/schema.org","@graph":[{"@type":"WebPage","@id":"http:\/\/slm-health.com\/en\/extras\/","url":"http:\/\/slm-health.com\/en\/extras\/","name":"Extras \u0627\u0644\u0639\u0644\u0627\u062c \u0641\u064a \u0623\u0644\u0645\u0627\u0646\u064a\u0627 - SLM-Health Germany","isPartOf":{"@id":"http:\/\/slm-health.com\/en\/#website"},"primaryImageOfPage":{"@id":"http:\/\/slm-health.com\/en\/extras\/#primaryimage"},"image":{"@id":"http:\/\/slm-health.com\/en\/extras\/#primaryimage"},"thumbnailUrl":"https:\/\/slm-health.com\/wp-content\/uploads\/2022\/04\/D8-scaled.jpg","datePublished":"2022-03-31T13:18:50+00:00","dateModified":"2022-04-18T14:25:51+00:00","description":"\u0627\u0644\u0639\u0644\u0627\u062c \u0641\u064a \u0623\u0644\u0645\u0627\u0646\u064a\u0627 - \u0644\u0643\u0627\u0641\u0629 \u0627\u0644\u062d\u0627\u0644\u0627\u062a \u0627\u0644\u0645\u0631\u0636\u064a\u0629 \u0648\u0627\u0644\u0641\u062d\u0648\u0635\u0627\u062a \u0627\u0644\u0648\u0642\u0627\u0626\u064a\u0629, \u0646\u0633\u062a\u0642\u0628\u0644 \u0637\u0644\u0628\u0627\u062a\u0643\u0645 \u0648\u0623\u0633\u0626\u0644\u062a\u0643\u0645 \u0648\u0625\u0633\u062a\u0634\u0627\u0631\u0627\u062a\u0643\u0645 \u0627\u0644\u0637\u0628\u064a\u0629 (\u0639\u0644\u0649 \u0645\u062f\u0627\u0631 \u0627\u0644\u0633\u0627\u0639\u0629)","breadcrumb":{"@id":"http:\/\/slm-health.com\/en\/extras\/#breadcrumb"},"inLanguage":"en-GB","potentialAction":[{"@type":"ReadAction","target":["http:\/\/slm-health.com\/en\/extras\/"]}]},{"@type":"ImageObject","inLanguage":"en-GB","@id":"http:\/\/slm-health.com\/en\/extras\/#primaryimage","url":"https:\/\/slm-health.com\/wp-content\/uploads\/2022\/04\/D8-scaled.jpg","contentUrl":"https:\/\/slm-health.com\/wp-content\/uploads\/2022\/04\/D8-scaled.jpg"},{"@type":"BreadcrumbList","@id":"http:\/\/slm-health.com\/en\/extras\/#breadcrumb","itemListElement":[{"@type":"ListItem","position":1,"name":"Startseite","item":"http:\/\/slm-health.com\/en\/"},{"@type":"ListItem","position":2,"name":"Extras"}]},{"@type":"WebSite","@id":"http:\/\/slm-health.com\/en\/#website","url":"http:\/\/slm-health.com\/en\/","name":"\u0627\u0644\u0639\u0644\u0627\u062c \u0641\u064a \u0623\u0644\u0645\u0627\u0646\u064a\u0627 - SLM-Health Germany","description":"\u0627\u0644\u0639\u0644\u0627\u062c \u0641\u064a \u0623\u0644\u0645\u0627\u0646\u064a\u0627 - \u0644\u0643\u0627\u0641\u0629 \u0627\u0644\u062d\u0627\u0644\u0627\u062a \u0627\u0644\u0645\u0631\u0636\u064a\u0629 \u0648\u0627\u0644\u0641\u062d\u0648\u0635\u0627\u062a \u0627\u0644\u0648\u0642\u0627\u0626\u064a\u0629, \u0646\u0633\u062a\u0642\u0628\u0644 \u0637\u0644\u0628\u0627\u062a\u0643\u0645 \u0648\u0623\u0633\u0626\u0644\u062a\u0643\u0645 \u0648\u0625\u0633\u062a\u0634\u0627\u0631\u0627\u062a\u0643\u0645 \u0627\u0644\u0637\u0628\u064a\u0629 &quot;\u0639\u0644\u0649 \u0645\u062f\u0627\u0631 \u0627\u0644\u0633\u0627\u0639\u0629 &quot;","publisher":{"@id":"http:\/\/slm-health.com\/en\/#organization"},"potentialAction":[{"@type":"SearchAction","target":{"@type":"EntryPoint","urlTemplate":"http:\/\/slm-health.com\/en\/?s={search_term_string}"},"query-input":{"@type":"PropertyValueSpecification","valueRequired":true,"valueName":"search_term_string"}}],"inLanguage":"en-GB"},{"@type":"Organization","@id":"http:\/\/slm-health.com\/en\/#organization","name":"\u0627\u0644\u0639\u0644\u0627\u062c \u0641\u064a \u0623\u0644\u0645\u0627\u0646\u064a\u0627 - SLM-Health Germany","url":"http:\/\/slm-health.com\/en\/","logo":{"@type":"ImageObject","inLanguage":"en-GB","@id":"http:\/\/slm-health.com\/en\/#\/schema\/logo\/image\/","url":"https:\/\/slm-health.com\/wp-content\/uploads\/2022\/04\/8CD77F4F-8DEF-4CC3-9756-D7BBE81A489A-e1650031049836.png","contentUrl":"https:\/\/slm-health.com\/wp-content\/uploads\/2022\/04\/8CD77F4F-8DEF-4CC3-9756-D7BBE81A489A-e1650031049836.png","width":512,"height":512,"caption":"\u0627\u0644\u0639\u0644\u0627\u062c \u0641\u064a \u0623\u0644\u0645\u0627\u0646\u064a\u0627 - SLM-Health Germany"},"image":{"@id":"http:\/\/slm-health.com\/en\/#\/schema\/logo\/image\/"},"sameAs":["https:\/\/x.com\/slmService2007","https:\/\/www.instagram.com\/slm_health2007\/?hl=en"]}]}},"jetpack_sharing_enabled":true,"_links":{"self":[{"href":"https:\/\/slm-health.com\/en\/wp-json\/wp\/v2\/pages\/184","targetHints":{"allow":["GET"]}}],"collection":[{"href":"https:\/\/slm-health.com\/en\/wp-json\/wp\/v2\/pages"}],"about":[{"href":"https:\/\/slm-health.com\/en\/wp-json\/wp\/v2\/types\/page"}],"author":[{"embeddable":true,"href":"https:\/\/slm-health.com\/en\/wp-json\/wp\/v2\/users\/1"}],"replies":[{"embeddable":true,"href":"https:\/\/slm-health.com\/en\/wp-json\/wp\/v2\/comments?post=184"}],"version-history":[{"count":20,"href":"https:\/\/slm-health.com\/en\/wp-json\/wp\/v2\/pages\/184\/revisions"}],"predecessor-version":[{"id":626,"href":"https:\/\/slm-health.com\/en\/wp-json\/wp\/v2\/pages\/184\/revisions\/626"}],"wp:attachment":[{"href":"https:\/\/slm-health.com\/en\/wp-json\/wp\/v2\/media?parent=184"}],"curies":[{"name":"wp","href":"https:\/\/api.w.org\/{rel}","templated":true}]}}