{"id":186,"date":"2022-03-31T13:19:11","date_gmt":"2022-03-31T13:19:11","guid":{"rendered":"http:\/\/slm-health.com\/?page_id=186"},"modified":"2022-04-19T22:41:40","modified_gmt":"2022-04-19T22:41:40","slug":"reservation","status":"publish","type":"page","link":"https:\/\/slm-health.com\/en\/reservation\/","title":{"rendered":"Reservation"},"content":{"rendered":"\n<p>We provide hotel reservations or furnished apartments for the patients und guests before they arrive in the most beautiful areas and best hotels to make their visit nice and enjoyable.<\/p>\n\n\n\n<div class=\"wp-block-jetpack-tiled-gallery aligncenter is-style-circle\"><div class=\"tiled-gallery__gallery\"><div class=\"tiled-gallery__row columns-3\"><div class=\"tiled-gallery__col\"><figure class=\"tiled-gallery__item\"><img decoding=\"async\" srcset=\"https:\/\/i2.wp.com\/slm-health.com\/wp-content\/uploads\/2022\/04\/212-1024x530.jpg?resize=600%2C600&#038;strip=info&#038;ssl=1 600w,https:\/\/i2.wp.com\/slm-health.com\/wp-content\/uploads\/2022\/04\/212-1024x530.jpg?resize=900%2C900&#038;strip=info&#038;ssl=1 900w,https:\/\/i2.wp.com\/slm-health.com\/wp-content\/uploads\/2022\/04\/212-1024x530.jpg?resize=1200%2C1200&#038;strip=info&#038;ssl=1 1200w,https:\/\/i2.wp.com\/slm-health.com\/wp-content\/uploads\/2022\/04\/212-1024x530.jpg?resize=1324%2C1324&#038;strip=info&#038;ssl=1 1324w\" alt=\"\" data-height=\"1324\" data-id=\"666\" data-link=\"https:\/\/slm-health.com\/reservation\/attachment\/212\/\" data-url=\"https:\/\/slm-health.com\/wp-content\/uploads\/2022\/04\/212-1024x530.jpg\" data-width=\"2560\" src=\"https:\/\/i2.wp.com\/slm-health.com\/wp-content\/uploads\/2022\/04\/212-1024x530.jpg?ssl=1&amp;resize=1324%2C1324\" data-amp-layout=\"responsive\"\/><\/figure><\/div><div class=\"tiled-gallery__col\"><figure class=\"tiled-gallery__item\"><img decoding=\"async\" srcset=\"https:\/\/i0.wp.com\/slm-health.com\/wp-content\/uploads\/2022\/04\/1122-1024x528.jpg?resize=600%2C600&#038;strip=info&#038;ssl=1 600w,https:\/\/i0.wp.com\/slm-health.com\/wp-content\/uploads\/2022\/04\/1122-1024x528.jpg?resize=900%2C900&#038;strip=info&#038;ssl=1 900w,https:\/\/i0.wp.com\/slm-health.com\/wp-content\/uploads\/2022\/04\/1122-1024x528.jpg?resize=1200%2C1200&#038;strip=info&#038;ssl=1 1200w,https:\/\/i0.wp.com\/slm-health.com\/wp-content\/uploads\/2022\/04\/1122-1024x528.jpg?resize=1320%2C1320&#038;strip=info&#038;ssl=1 1320w\" alt=\"\" data-height=\"1320\" data-id=\"667\" data-link=\"https:\/\/slm-health.com\/reservation\/attachment\/1122\/\" data-url=\"https:\/\/slm-health.com\/wp-content\/uploads\/2022\/04\/1122-1024x528.jpg\" data-width=\"2560\" src=\"https:\/\/i0.wp.com\/slm-health.com\/wp-content\/uploads\/2022\/04\/1122-1024x528.jpg?ssl=1&amp;resize=1320%2C1320\" data-amp-layout=\"responsive\"\/><\/figure><\/div><div class=\"tiled-gallery__col\"><figure class=\"tiled-gallery__item\"><img decoding=\"async\" srcset=\"https:\/\/i1.wp.com\/slm-health.com\/wp-content\/uploads\/2022\/04\/2121-1024x708.jpg?resize=600%2C600&#038;strip=info&#038;ssl=1 600w,https:\/\/i1.wp.com\/slm-health.com\/wp-content\/uploads\/2022\/04\/2121-1024x708.jpg?resize=878%2C878&#038;strip=info&#038;ssl=1 878w\" alt=\"\" data-height=\"878\" data-id=\"668\" data-link=\"https:\/\/slm-health.com\/reservation\/attachment\/2121\/\" data-url=\"https:\/\/slm-health.com\/wp-content\/uploads\/2022\/04\/2121-1024x708.jpg\" data-width=\"1270\" src=\"https:\/\/i1.wp.com\/slm-health.com\/wp-content\/uploads\/2022\/04\/2121-1024x708.jpg?ssl=1&amp;resize=878%2C878\" data-amp-layout=\"responsive\"\/><\/figure><\/div><\/div><\/div><\/div>\n\n\n\n<hr class=\"wp-block-separator\"\/>\n\n\n\n<p>In den besten Hotels der sch\u00f6nsten Gegenden reservieren wir f\u00fcr unsere Patienten und G\u00e4ste schon vor ihrer Ankunft Hotelzimmer oder m\u00f6blierte Wohnungen, um ihren Aufenthalt sch\u00f6n und angenehm zu gestalten.<\/p>\n","protected":false},"excerpt":{"rendered":"<p>We provide hotel reservations or furnished apartments for the patients und guests before they arrive in the most beautiful areas and best hotels to make their visit nice and enjoyable. [&hellip;]<\/p>\n","protected":false},"author":1,"featured_media":0,"parent":0,"menu_order":0,"comment_status":"closed","ping_status":"closed","template":"","meta":{"_gspb_post_css":"","footnotes":""},"class_list":["post-186","page","type-page","status-publish","hentry"],"featured_image_src":null,"yoast_head":"<!-- This site is optimized with the Yoast SEO plugin v27.3 - https:\/\/yoast.com\/product\/yoast-seo-wordpress\/ -->\n<title>Reservation \u0627\u0644\u0639\u0644\u0627\u062c \u0641\u064a \u0623\u0644\u0645\u0627\u0646\u064a\u0627 - SLM-Health Germany<\/title>\n<meta name=\"description\" content=\"\u0627\u0644\u0639\u0644\u0627\u062c \u0641\u064a \u0623\u0644\u0645\u0627\u0646\u064a\u0627 - \u0644\u0643\u0627\u0641\u0629 \u0627\u0644\u062d\u0627\u0644\u0627\u062a \u0627\u0644\u0645\u0631\u0636\u064a\u0629 \u0648\u0627\u0644\u0641\u062d\u0648\u0635\u0627\u062a \u0627\u0644\u0648\u0642\u0627\u0626\u064a\u0629, \u0646\u0633\u062a\u0642\u0628\u0644 \u0637\u0644\u0628\u0627\u062a\u0643\u0645 \u0648\u0623\u0633\u0626\u0644\u062a\u0643\u0645 \u0648\u0625\u0633\u062a\u0634\u0627\u0631\u0627\u062a\u0643\u0645 \u0627\u0644\u0637\u0628\u064a\u0629 (\u0639\u0644\u0649 \u0645\u062f\u0627\u0631 \u0627\u0644\u0633\u0627\u0639\u0629)\" \/>\n<meta name=\"robots\" content=\"index, follow, max-snippet:-1, max-image-preview:large, max-video-preview:-1\" \/>\n<link rel=\"canonical\" href=\"https:\/\/slm-health.com\/en\/reservation\/\" \/>\n<meta property=\"og:locale\" content=\"en_GB\" \/>\n<meta property=\"og:type\" content=\"article\" \/>\n<meta property=\"og:title\" content=\"Reservation \u0627\u0644\u0639\u0644\u0627\u062c \u0641\u064a \u0623\u0644\u0645\u0627\u0646\u064a\u0627 - SLM-Health Germany\" \/>\n<meta property=\"og:description\" content=\"\u0627\u0644\u0639\u0644\u0627\u062c \u0641\u064a \u0623\u0644\u0645\u0627\u0646\u064a\u0627 - \u0644\u0643\u0627\u0641\u0629 \u0627\u0644\u062d\u0627\u0644\u0627\u062a \u0627\u0644\u0645\u0631\u0636\u064a\u0629 \u0648\u0627\u0644\u0641\u062d\u0648\u0635\u0627\u062a \u0627\u0644\u0648\u0642\u0627\u0626\u064a\u0629, \u0646\u0633\u062a\u0642\u0628\u0644 \u0637\u0644\u0628\u0627\u062a\u0643\u0645 \u0648\u0623\u0633\u0626\u0644\u062a\u0643\u0645 \u0648\u0625\u0633\u062a\u0634\u0627\u0631\u0627\u062a\u0643\u0645 \u0627\u0644\u0637\u0628\u064a\u0629 (\u0639\u0644\u0649 \u0645\u062f\u0627\u0631 \u0627\u0644\u0633\u0627\u0639\u0629)\" \/>\n<meta property=\"og:url\" content=\"https:\/\/slm-health.com\/en\/reservation\/\" \/>\n<meta property=\"og:site_name\" content=\"\u0627\u0644\u0639\u0644\u0627\u062c \u0641\u064a \u0623\u0644\u0645\u0627\u0646\u064a\u0627 - SLM-Health Germany\" \/>\n<meta property=\"article:modified_time\" content=\"2022-04-19T22:41:40+00:00\" \/>\n<meta property=\"og:image\" content=\"https:\/\/i2.wp.com\/slm-health.com\/wp-content\/uploads\/2022\/04\/212-1024x530.jpg?ssl=1&amp;resize=1324%2C1324\" \/>\n<meta name=\"twitter:card\" content=\"summary_large_image\" \/>\n<meta name=\"twitter:site\" content=\"@slmService2007\" \/>\n<meta name=\"twitter:label1\" content=\"Estimated reading time\" \/>\n\t<meta name=\"twitter:data1\" content=\"1 minute\" \/>\n<script type=\"application\/ld+json\" class=\"yoast-schema-graph\">{\"@context\":\"https:\\\/\\\/schema.org\",\"@graph\":[{\"@type\":\"WebPage\",\"@id\":\"https:\\\/\\\/slm-health.com\\\/en\\\/reservation\\\/\",\"url\":\"https:\\\/\\\/slm-health.com\\\/en\\\/reservation\\\/\",\"name\":\"Reservation \u0627\u0644\u0639\u0644\u0627\u062c \u0641\u064a \u0623\u0644\u0645\u0627\u0646\u064a\u0627 - SLM-Health Germany\",\"isPartOf\":{\"@id\":\"http:\\\/\\\/slm-health.com\\\/en\\\/#website\"},\"primaryImageOfPage\":{\"@id\":\"https:\\\/\\\/slm-health.com\\\/en\\\/reservation\\\/#primaryimage\"},\"image\":{\"@id\":\"https:\\\/\\\/slm-health.com\\\/en\\\/reservation\\\/#primaryimage\"},\"thumbnailUrl\":\"https:\\\/\\\/i2.wp.com\\\/slm-health.com\\\/wp-content\\\/uploads\\\/2022\\\/04\\\/212-1024x530.jpg?ssl=1&amp;resize=1324%2C1324\",\"datePublished\":\"2022-03-31T13:19:11+00:00\",\"dateModified\":\"2022-04-19T22:41:40+00:00\",\"description\":\"\u0627\u0644\u0639\u0644\u0627\u062c \u0641\u064a \u0623\u0644\u0645\u0627\u0646\u064a\u0627 - \u0644\u0643\u0627\u0641\u0629 \u0627\u0644\u062d\u0627\u0644\u0627\u062a \u0627\u0644\u0645\u0631\u0636\u064a\u0629 \u0648\u0627\u0644\u0641\u062d\u0648\u0635\u0627\u062a \u0627\u0644\u0648\u0642\u0627\u0626\u064a\u0629, \u0646\u0633\u062a\u0642\u0628\u0644 \u0637\u0644\u0628\u0627\u062a\u0643\u0645 \u0648\u0623\u0633\u0626\u0644\u062a\u0643\u0645 \u0648\u0625\u0633\u062a\u0634\u0627\u0631\u0627\u062a\u0643\u0645 \u0627\u0644\u0637\u0628\u064a\u0629 (\u0639\u0644\u0649 \u0645\u062f\u0627\u0631 \u0627\u0644\u0633\u0627\u0639\u0629)\",\"breadcrumb\":{\"@id\":\"https:\\\/\\\/slm-health.com\\\/en\\\/reservation\\\/#breadcrumb\"},\"inLanguage\":\"en-GB\",\"potentialAction\":[{\"@type\":\"ReadAction\",\"target\":[\"https:\\\/\\\/slm-health.com\\\/en\\\/reservation\\\/\"]}]},{\"@type\":\"ImageObject\",\"inLanguage\":\"en-GB\",\"@id\":\"https:\\\/\\\/slm-health.com\\\/en\\\/reservation\\\/#primaryimage\",\"url\":\"https:\\\/\\\/i2.wp.com\\\/slm-health.com\\\/wp-content\\\/uploads\\\/2022\\\/04\\\/212-1024x530.jpg?ssl=1&amp;resize=1324%2C1324\",\"contentUrl\":\"https:\\\/\\\/i2.wp.com\\\/slm-health.com\\\/wp-content\\\/uploads\\\/2022\\\/04\\\/212-1024x530.jpg?ssl=1&amp;resize=1324%2C1324\"},{\"@type\":\"BreadcrumbList\",\"@id\":\"https:\\\/\\\/slm-health.com\\\/en\\\/reservation\\\/#breadcrumb\",\"itemListElement\":[{\"@type\":\"ListItem\",\"position\":1,\"name\":\"Startseite\",\"item\":\"http:\\\/\\\/slm-health.com\\\/en\\\/\"},{\"@type\":\"ListItem\",\"position\":2,\"name\":\"Reservation\"}]},{\"@type\":\"WebSite\",\"@id\":\"http:\\\/\\\/slm-health.com\\\/en\\\/#website\",\"url\":\"http:\\\/\\\/slm-health.com\\\/en\\\/\",\"name\":\"\u0627\u0644\u0639\u0644\u0627\u062c \u0641\u064a \u0623\u0644\u0645\u0627\u0646\u064a\u0627 - SLM-Health Germany\",\"description\":\"\u0627\u0644\u0639\u0644\u0627\u062c \u0641\u064a \u0623\u0644\u0645\u0627\u0646\u064a\u0627 - \u0644\u0643\u0627\u0641\u0629 \u0627\u0644\u062d\u0627\u0644\u0627\u062a \u0627\u0644\u0645\u0631\u0636\u064a\u0629 \u0648\u0627\u0644\u0641\u062d\u0648\u0635\u0627\u062a \u0627\u0644\u0648\u0642\u0627\u0626\u064a\u0629, \u0646\u0633\u062a\u0642\u0628\u0644 \u0637\u0644\u0628\u0627\u062a\u0643\u0645 \u0648\u0623\u0633\u0626\u0644\u062a\u0643\u0645 \u0648\u0625\u0633\u062a\u0634\u0627\u0631\u0627\u062a\u0643\u0645 \u0627\u0644\u0637\u0628\u064a\u0629 &quot;\u0639\u0644\u0649 \u0645\u062f\u0627\u0631 \u0627\u0644\u0633\u0627\u0639\u0629 &quot;\",\"publisher\":{\"@id\":\"http:\\\/\\\/slm-health.com\\\/en\\\/#organization\"},\"potentialAction\":[{\"@type\":\"SearchAction\",\"target\":{\"@type\":\"EntryPoint\",\"urlTemplate\":\"http:\\\/\\\/slm-health.com\\\/en\\\/?s={search_term_string}\"},\"query-input\":{\"@type\":\"PropertyValueSpecification\",\"valueRequired\":true,\"valueName\":\"search_term_string\"}}],\"inLanguage\":\"en-GB\"},{\"@type\":\"Organization\",\"@id\":\"http:\\\/\\\/slm-health.com\\\/en\\\/#organization\",\"name\":\"\u0627\u0644\u0639\u0644\u0627\u062c \u0641\u064a \u0623\u0644\u0645\u0627\u0646\u064a\u0627 - SLM-Health Germany\",\"url\":\"http:\\\/\\\/slm-health.com\\\/en\\\/\",\"logo\":{\"@type\":\"ImageObject\",\"inLanguage\":\"en-GB\",\"@id\":\"http:\\\/\\\/slm-health.com\\\/en\\\/#\\\/schema\\\/logo\\\/image\\\/\",\"url\":\"https:\\\/\\\/slm-health.com\\\/wp-content\\\/uploads\\\/2022\\\/04\\\/8CD77F4F-8DEF-4CC3-9756-D7BBE81A489A-e1650031049836.png\",\"contentUrl\":\"https:\\\/\\\/slm-health.com\\\/wp-content\\\/uploads\\\/2022\\\/04\\\/8CD77F4F-8DEF-4CC3-9756-D7BBE81A489A-e1650031049836.png\",\"width\":512,\"height\":512,\"caption\":\"\u0627\u0644\u0639\u0644\u0627\u062c \u0641\u064a \u0623\u0644\u0645\u0627\u0646\u064a\u0627 - SLM-Health Germany\"},\"image\":{\"@id\":\"http:\\\/\\\/slm-health.com\\\/en\\\/#\\\/schema\\\/logo\\\/image\\\/\"},\"sameAs\":[\"https:\\\/\\\/x.com\\\/slmService2007\",\"https:\\\/\\\/www.instagram.com\\\/slm_health2007\\\/?hl=en\"]}]}<\/script>\n<!-- \/ Yoast SEO plugin. -->","yoast_head_json":{"title":"Reservation \u0627\u0644\u0639\u0644\u0627\u062c \u0641\u064a \u0623\u0644\u0645\u0627\u0646\u064a\u0627 - SLM-Health Germany","description":"\u0627\u0644\u0639\u0644\u0627\u062c \u0641\u064a \u0623\u0644\u0645\u0627\u0646\u064a\u0627 - \u0644\u0643\u0627\u0641\u0629 \u0627\u0644\u062d\u0627\u0644\u0627\u062a \u0627\u0644\u0645\u0631\u0636\u064a\u0629 \u0648\u0627\u0644\u0641\u062d\u0648\u0635\u0627\u062a \u0627\u0644\u0648\u0642\u0627\u0626\u064a\u0629, \u0646\u0633\u062a\u0642\u0628\u0644 \u0637\u0644\u0628\u0627\u062a\u0643\u0645 \u0648\u0623\u0633\u0626\u0644\u062a\u0643\u0645 \u0648\u0625\u0633\u062a\u0634\u0627\u0631\u0627\u062a\u0643\u0645 \u0627\u0644\u0637\u0628\u064a\u0629 (\u0639\u0644\u0649 \u0645\u062f\u0627\u0631 \u0627\u0644\u0633\u0627\u0639\u0629)","robots":{"index":"index","follow":"follow","max-snippet":"max-snippet:-1","max-image-preview":"max-image-preview:large","max-video-preview":"max-video-preview:-1"},"canonical":"https:\/\/slm-health.com\/en\/reservation\/","og_locale":"en_GB","og_type":"article","og_title":"Reservation \u0627\u0644\u0639\u0644\u0627\u062c \u0641\u064a \u0623\u0644\u0645\u0627\u0646\u064a\u0627 - SLM-Health Germany","og_description":"\u0627\u0644\u0639\u0644\u0627\u062c \u0641\u064a \u0623\u0644\u0645\u0627\u0646\u064a\u0627 - \u0644\u0643\u0627\u0641\u0629 \u0627\u0644\u062d\u0627\u0644\u0627\u062a \u0627\u0644\u0645\u0631\u0636\u064a\u0629 \u0648\u0627\u0644\u0641\u062d\u0648\u0635\u0627\u062a \u0627\u0644\u0648\u0642\u0627\u0626\u064a\u0629, \u0646\u0633\u062a\u0642\u0628\u0644 \u0637\u0644\u0628\u0627\u062a\u0643\u0645 \u0648\u0623\u0633\u0626\u0644\u062a\u0643\u0645 \u0648\u0625\u0633\u062a\u0634\u0627\u0631\u0627\u062a\u0643\u0645 \u0627\u0644\u0637\u0628\u064a\u0629 (\u0639\u0644\u0649 \u0645\u062f\u0627\u0631 \u0627\u0644\u0633\u0627\u0639\u0629)","og_url":"https:\/\/slm-health.com\/en\/reservation\/","og_site_name":"\u0627\u0644\u0639\u0644\u0627\u062c \u0641\u064a \u0623\u0644\u0645\u0627\u0646\u064a\u0627 - SLM-Health Germany","article_modified_time":"2022-04-19T22:41:40+00:00","og_image":[{"url":"https:\/\/i2.wp.com\/slm-health.com\/wp-content\/uploads\/2022\/04\/212-1024x530.jpg?ssl=1&amp;resize=1324%2C1324","type":"","width":"","height":""}],"twitter_card":"summary_large_image","twitter_site":"@slmService2007","twitter_misc":{"Estimated reading time":"1 minute"},"schema":{"@context":"https:\/\/schema.org","@graph":[{"@type":"WebPage","@id":"https:\/\/slm-health.com\/en\/reservation\/","url":"https:\/\/slm-health.com\/en\/reservation\/","name":"Reservation \u0627\u0644\u0639\u0644\u0627\u062c \u0641\u064a \u0623\u0644\u0645\u0627\u0646\u064a\u0627 - SLM-Health Germany","isPartOf":{"@id":"http:\/\/slm-health.com\/en\/#website"},"primaryImageOfPage":{"@id":"https:\/\/slm-health.com\/en\/reservation\/#primaryimage"},"image":{"@id":"https:\/\/slm-health.com\/en\/reservation\/#primaryimage"},"thumbnailUrl":"https:\/\/i2.wp.com\/slm-health.com\/wp-content\/uploads\/2022\/04\/212-1024x530.jpg?ssl=1&amp;resize=1324%2C1324","datePublished":"2022-03-31T13:19:11+00:00","dateModified":"2022-04-19T22:41:40+00:00","description":"\u0627\u0644\u0639\u0644\u0627\u062c \u0641\u064a \u0623\u0644\u0645\u0627\u0646\u064a\u0627 - \u0644\u0643\u0627\u0641\u0629 \u0627\u0644\u062d\u0627\u0644\u0627\u062a \u0627\u0644\u0645\u0631\u0636\u064a\u0629 \u0648\u0627\u0644\u0641\u062d\u0648\u0635\u0627\u062a \u0627\u0644\u0648\u0642\u0627\u0626\u064a\u0629, \u0646\u0633\u062a\u0642\u0628\u0644 \u0637\u0644\u0628\u0627\u062a\u0643\u0645 \u0648\u0623\u0633\u0626\u0644\u062a\u0643\u0645 \u0648\u0625\u0633\u062a\u0634\u0627\u0631\u0627\u062a\u0643\u0645 \u0627\u0644\u0637\u0628\u064a\u0629 (\u0639\u0644\u0649 \u0645\u062f\u0627\u0631 \u0627\u0644\u0633\u0627\u0639\u0629)","breadcrumb":{"@id":"https:\/\/slm-health.com\/en\/reservation\/#breadcrumb"},"inLanguage":"en-GB","potentialAction":[{"@type":"ReadAction","target":["https:\/\/slm-health.com\/en\/reservation\/"]}]},{"@type":"ImageObject","inLanguage":"en-GB","@id":"https:\/\/slm-health.com\/en\/reservation\/#primaryimage","url":"https:\/\/i2.wp.com\/slm-health.com\/wp-content\/uploads\/2022\/04\/212-1024x530.jpg?ssl=1&amp;resize=1324%2C1324","contentUrl":"https:\/\/i2.wp.com\/slm-health.com\/wp-content\/uploads\/2022\/04\/212-1024x530.jpg?ssl=1&amp;resize=1324%2C1324"},{"@type":"BreadcrumbList","@id":"https:\/\/slm-health.com\/en\/reservation\/#breadcrumb","itemListElement":[{"@type":"ListItem","position":1,"name":"Startseite","item":"http:\/\/slm-health.com\/en\/"},{"@type":"ListItem","position":2,"name":"Reservation"}]},{"@type":"WebSite","@id":"http:\/\/slm-health.com\/en\/#website","url":"http:\/\/slm-health.com\/en\/","name":"\u0627\u0644\u0639\u0644\u0627\u062c \u0641\u064a \u0623\u0644\u0645\u0627\u0646\u064a\u0627 - SLM-Health Germany","description":"\u0627\u0644\u0639\u0644\u0627\u062c \u0641\u064a \u0623\u0644\u0645\u0627\u0646\u064a\u0627 - \u0644\u0643\u0627\u0641\u0629 \u0627\u0644\u062d\u0627\u0644\u0627\u062a \u0627\u0644\u0645\u0631\u0636\u064a\u0629 \u0648\u0627\u0644\u0641\u062d\u0648\u0635\u0627\u062a \u0627\u0644\u0648\u0642\u0627\u0626\u064a\u0629, \u0646\u0633\u062a\u0642\u0628\u0644 \u0637\u0644\u0628\u0627\u062a\u0643\u0645 \u0648\u0623\u0633\u0626\u0644\u062a\u0643\u0645 \u0648\u0625\u0633\u062a\u0634\u0627\u0631\u0627\u062a\u0643\u0645 \u0627\u0644\u0637\u0628\u064a\u0629 &quot;\u0639\u0644\u0649 \u0645\u062f\u0627\u0631 \u0627\u0644\u0633\u0627\u0639\u0629 &quot;","publisher":{"@id":"http:\/\/slm-health.com\/en\/#organization"},"potentialAction":[{"@type":"SearchAction","target":{"@type":"EntryPoint","urlTemplate":"http:\/\/slm-health.com\/en\/?s={search_term_string}"},"query-input":{"@type":"PropertyValueSpecification","valueRequired":true,"valueName":"search_term_string"}}],"inLanguage":"en-GB"},{"@type":"Organization","@id":"http:\/\/slm-health.com\/en\/#organization","name":"\u0627\u0644\u0639\u0644\u0627\u062c \u0641\u064a \u0623\u0644\u0645\u0627\u0646\u064a\u0627 - SLM-Health Germany","url":"http:\/\/slm-health.com\/en\/","logo":{"@type":"ImageObject","inLanguage":"en-GB","@id":"http:\/\/slm-health.com\/en\/#\/schema\/logo\/image\/","url":"https:\/\/slm-health.com\/wp-content\/uploads\/2022\/04\/8CD77F4F-8DEF-4CC3-9756-D7BBE81A489A-e1650031049836.png","contentUrl":"https:\/\/slm-health.com\/wp-content\/uploads\/2022\/04\/8CD77F4F-8DEF-4CC3-9756-D7BBE81A489A-e1650031049836.png","width":512,"height":512,"caption":"\u0627\u0644\u0639\u0644\u0627\u062c \u0641\u064a \u0623\u0644\u0645\u0627\u0646\u064a\u0627 - SLM-Health Germany"},"image":{"@id":"http:\/\/slm-health.com\/en\/#\/schema\/logo\/image\/"},"sameAs":["https:\/\/x.com\/slmService2007","https:\/\/www.instagram.com\/slm_health2007\/?hl=en"]}]}},"jetpack_sharing_enabled":true,"_links":{"self":[{"href":"https:\/\/slm-health.com\/en\/wp-json\/wp\/v2\/pages\/186","targetHints":{"allow":["GET"]}}],"collection":[{"href":"https:\/\/slm-health.com\/en\/wp-json\/wp\/v2\/pages"}],"about":[{"href":"https:\/\/slm-health.com\/en\/wp-json\/wp\/v2\/types\/page"}],"author":[{"embeddable":true,"href":"https:\/\/slm-health.com\/en\/wp-json\/wp\/v2\/users\/1"}],"replies":[{"embeddable":true,"href":"https:\/\/slm-health.com\/en\/wp-json\/wp\/v2\/comments?post=186"}],"version-history":[{"count":3,"href":"https:\/\/slm-health.com\/en\/wp-json\/wp\/v2\/pages\/186\/revisions"}],"predecessor-version":[{"id":669,"href":"https:\/\/slm-health.com\/en\/wp-json\/wp\/v2\/pages\/186\/revisions\/669"}],"wp:attachment":[{"href":"https:\/\/slm-health.com\/en\/wp-json\/wp\/v2\/media?parent=186"}],"curies":[{"name":"wp","href":"https:\/\/api.w.org\/{rel}","templated":true}]}}