{"id":188,"date":"2022-03-31T13:19:46","date_gmt":"2022-03-31T13:19:46","guid":{"rendered":"http:\/\/slm-health.com\/?page_id=188"},"modified":"2022-04-19T16:59:01","modified_gmt":"2022-04-19T16:59:01","slug":"our-uniqueness","status":"publish","type":"page","link":"https:\/\/slm-health.com\/en\/our-uniqueness\/","title":{"rendered":"Our Uniqueness"},"content":{"rendered":"\n<p>We provide treatment services to international patients and bring them together with the best internationally renowned medical specialists in the most modern and advanced hospitals in Germany.<\/p>\n\n\n\n<p>Thus, our main goal is to achieve recovery for our patients and help those who need medical treatment, as we start in full coordination with the best medical specialists in Germany. We strive and work to make your medical journey successful.<\/p>\n\n\n\n<hr class=\"wp-block-separator\"\/>\n\n\n\n<p>Wir bieten medizinische Dienstleistungen f\u00fcr internationale Patienten und bringen sie mit Spitzen\u00e4rzten und Professoren der renommiertesten und modernsten Kliniken zusammen.<\/p>\n\n\n\n<p>Unser wichtigstes Ziel ist die erfolgreiche Heilung unserer Patienten. F\u00fcr jeden, der medizinische Hilfe braucht suchen wir die besten \u00c4rzte und organisieren den gesamten Aufenthalt in Deutschland. Wir sorgen daf\u00fcr, dass Ihre Reise ein voller Erfolg wird.<\/p>\n","protected":false},"excerpt":{"rendered":"<p>We provide treatment services to international patients and bring them together with the best internationally renowned medical specialists in the most modern and advanced hospitals in Germany. Thus, our main [&hellip;]<\/p>\n","protected":false},"author":1,"featured_media":0,"parent":0,"menu_order":0,"comment_status":"closed","ping_status":"closed","template":"","meta":{"_gspb_post_css":"","footnotes":""},"class_list":["post-188","page","type-page","status-publish","hentry"],"featured_image_src":null,"yoast_head":"<!-- This site is optimized with the Yoast SEO plugin v27.3 - https:\/\/yoast.com\/product\/yoast-seo-wordpress\/ -->\n<title>Our Uniqueness \u0627\u0644\u0639\u0644\u0627\u062c \u0641\u064a \u0623\u0644\u0645\u0627\u0646\u064a\u0627 - SLM-Health Germany<\/title>\n<meta name=\"description\" content=\"\u0627\u0644\u0639\u0644\u0627\u062c \u0641\u064a \u0623\u0644\u0645\u0627\u0646\u064a\u0627 - \u0644\u0643\u0627\u0641\u0629 \u0627\u0644\u062d\u0627\u0644\u0627\u062a \u0627\u0644\u0645\u0631\u0636\u064a\u0629 \u0648\u0627\u0644\u0641\u062d\u0648\u0635\u0627\u062a \u0627\u0644\u0648\u0642\u0627\u0626\u064a\u0629, \u0646\u0633\u062a\u0642\u0628\u0644 \u0637\u0644\u0628\u0627\u062a\u0643\u0645 \u0648\u0623\u0633\u0626\u0644\u062a\u0643\u0645 \u0648\u0625\u0633\u062a\u0634\u0627\u0631\u0627\u062a\u0643\u0645 \u0627\u0644\u0637\u0628\u064a\u0629 (\u0639\u0644\u0649 \u0645\u062f\u0627\u0631 \u0627\u0644\u0633\u0627\u0639\u0629)\" \/>\n<meta name=\"robots\" content=\"index, follow, max-snippet:-1, max-image-preview:large, max-video-preview:-1\" \/>\n<link rel=\"canonical\" href=\"https:\/\/slm-health.com\/en\/our-uniqueness\/\" \/>\n<meta property=\"og:locale\" content=\"en_GB\" \/>\n<meta property=\"og:type\" content=\"article\" \/>\n<meta property=\"og:title\" content=\"Our Uniqueness \u0627\u0644\u0639\u0644\u0627\u062c \u0641\u064a \u0623\u0644\u0645\u0627\u0646\u064a\u0627 - SLM-Health Germany\" \/>\n<meta property=\"og:description\" content=\"\u0627\u0644\u0639\u0644\u0627\u062c \u0641\u064a \u0623\u0644\u0645\u0627\u0646\u064a\u0627 - \u0644\u0643\u0627\u0641\u0629 \u0627\u0644\u062d\u0627\u0644\u0627\u062a \u0627\u0644\u0645\u0631\u0636\u064a\u0629 \u0648\u0627\u0644\u0641\u062d\u0648\u0635\u0627\u062a \u0627\u0644\u0648\u0642\u0627\u0626\u064a\u0629, \u0646\u0633\u062a\u0642\u0628\u0644 \u0637\u0644\u0628\u0627\u062a\u0643\u0645 \u0648\u0623\u0633\u0626\u0644\u062a\u0643\u0645 \u0648\u0625\u0633\u062a\u0634\u0627\u0631\u0627\u062a\u0643\u0645 \u0627\u0644\u0637\u0628\u064a\u0629 (\u0639\u0644\u0649 \u0645\u062f\u0627\u0631 \u0627\u0644\u0633\u0627\u0639\u0629)\" \/>\n<meta property=\"og:url\" content=\"https:\/\/slm-health.com\/en\/our-uniqueness\/\" \/>\n<meta property=\"og:site_name\" content=\"\u0627\u0644\u0639\u0644\u0627\u062c \u0641\u064a \u0623\u0644\u0645\u0627\u0646\u064a\u0627 - SLM-Health Germany\" \/>\n<meta property=\"article:modified_time\" content=\"2022-04-19T16:59:01+00:00\" \/>\n<meta name=\"twitter:card\" content=\"summary_large_image\" \/>\n<meta name=\"twitter:site\" content=\"@slmService2007\" \/>\n<meta name=\"twitter:label1\" content=\"Estimated reading time\" \/>\n\t<meta name=\"twitter:data1\" content=\"1 minute\" \/>\n<script type=\"application\/ld+json\" class=\"yoast-schema-graph\">{\"@context\":\"https:\\\/\\\/schema.org\",\"@graph\":[{\"@type\":\"WebPage\",\"@id\":\"https:\\\/\\\/slm-health.com\\\/ar\\\/our-uniqueness\\\/\",\"url\":\"https:\\\/\\\/slm-health.com\\\/ar\\\/our-uniqueness\\\/\",\"name\":\"Our Uniqueness \u0627\u0644\u0639\u0644\u0627\u062c \u0641\u064a \u0623\u0644\u0645\u0627\u0646\u064a\u0627 - SLM-Health Germany\",\"isPartOf\":{\"@id\":\"http:\\\/\\\/slm-health.com\\\/en\\\/#website\"},\"datePublished\":\"2022-03-31T13:19:46+00:00\",\"dateModified\":\"2022-04-19T16:59:01+00:00\",\"description\":\"\u0627\u0644\u0639\u0644\u0627\u062c \u0641\u064a \u0623\u0644\u0645\u0627\u0646\u064a\u0627 - \u0644\u0643\u0627\u0641\u0629 \u0627\u0644\u062d\u0627\u0644\u0627\u062a \u0627\u0644\u0645\u0631\u0636\u064a\u0629 \u0648\u0627\u0644\u0641\u062d\u0648\u0635\u0627\u062a \u0627\u0644\u0648\u0642\u0627\u0626\u064a\u0629, \u0646\u0633\u062a\u0642\u0628\u0644 \u0637\u0644\u0628\u0627\u062a\u0643\u0645 \u0648\u0623\u0633\u0626\u0644\u062a\u0643\u0645 \u0648\u0625\u0633\u062a\u0634\u0627\u0631\u0627\u062a\u0643\u0645 \u0627\u0644\u0637\u0628\u064a\u0629 (\u0639\u0644\u0649 \u0645\u062f\u0627\u0631 \u0627\u0644\u0633\u0627\u0639\u0629)\",\"breadcrumb\":{\"@id\":\"https:\\\/\\\/slm-health.com\\\/ar\\\/our-uniqueness\\\/#breadcrumb\"},\"inLanguage\":\"en-GB\",\"potentialAction\":[{\"@type\":\"ReadAction\",\"target\":[\"https:\\\/\\\/slm-health.com\\\/ar\\\/our-uniqueness\\\/\"]}]},{\"@type\":\"BreadcrumbList\",\"@id\":\"https:\\\/\\\/slm-health.com\\\/ar\\\/our-uniqueness\\\/#breadcrumb\",\"itemListElement\":[{\"@type\":\"ListItem\",\"position\":1,\"name\":\"Startseite\",\"item\":\"http:\\\/\\\/slm-health.com\\\/en\\\/\"},{\"@type\":\"ListItem\",\"position\":2,\"name\":\"Our Uniqueness\"}]},{\"@type\":\"WebSite\",\"@id\":\"http:\\\/\\\/slm-health.com\\\/en\\\/#website\",\"url\":\"http:\\\/\\\/slm-health.com\\\/en\\\/\",\"name\":\"\u0627\u0644\u0639\u0644\u0627\u062c \u0641\u064a \u0623\u0644\u0645\u0627\u0646\u064a\u0627 - SLM-Health Germany\",\"description\":\"\u0627\u0644\u0639\u0644\u0627\u062c \u0641\u064a \u0623\u0644\u0645\u0627\u0646\u064a\u0627 - \u0644\u0643\u0627\u0641\u0629 \u0627\u0644\u062d\u0627\u0644\u0627\u062a \u0627\u0644\u0645\u0631\u0636\u064a\u0629 \u0648\u0627\u0644\u0641\u062d\u0648\u0635\u0627\u062a \u0627\u0644\u0648\u0642\u0627\u0626\u064a\u0629, \u0646\u0633\u062a\u0642\u0628\u0644 \u0637\u0644\u0628\u0627\u062a\u0643\u0645 \u0648\u0623\u0633\u0626\u0644\u062a\u0643\u0645 \u0648\u0625\u0633\u062a\u0634\u0627\u0631\u0627\u062a\u0643\u0645 \u0627\u0644\u0637\u0628\u064a\u0629 &quot;\u0639\u0644\u0649 \u0645\u062f\u0627\u0631 \u0627\u0644\u0633\u0627\u0639\u0629 &quot;\",\"publisher\":{\"@id\":\"http:\\\/\\\/slm-health.com\\\/en\\\/#organization\"},\"potentialAction\":[{\"@type\":\"SearchAction\",\"target\":{\"@type\":\"EntryPoint\",\"urlTemplate\":\"http:\\\/\\\/slm-health.com\\\/en\\\/?s={search_term_string}\"},\"query-input\":{\"@type\":\"PropertyValueSpecification\",\"valueRequired\":true,\"valueName\":\"search_term_string\"}}],\"inLanguage\":\"en-GB\"},{\"@type\":\"Organization\",\"@id\":\"http:\\\/\\\/slm-health.com\\\/en\\\/#organization\",\"name\":\"\u0627\u0644\u0639\u0644\u0627\u062c \u0641\u064a \u0623\u0644\u0645\u0627\u0646\u064a\u0627 - SLM-Health Germany\",\"url\":\"http:\\\/\\\/slm-health.com\\\/en\\\/\",\"logo\":{\"@type\":\"ImageObject\",\"inLanguage\":\"en-GB\",\"@id\":\"http:\\\/\\\/slm-health.com\\\/en\\\/#\\\/schema\\\/logo\\\/image\\\/\",\"url\":\"https:\\\/\\\/slm-health.com\\\/wp-content\\\/uploads\\\/2022\\\/04\\\/8CD77F4F-8DEF-4CC3-9756-D7BBE81A489A-e1650031049836.png\",\"contentUrl\":\"https:\\\/\\\/slm-health.com\\\/wp-content\\\/uploads\\\/2022\\\/04\\\/8CD77F4F-8DEF-4CC3-9756-D7BBE81A489A-e1650031049836.png\",\"width\":512,\"height\":512,\"caption\":\"\u0627\u0644\u0639\u0644\u0627\u062c \u0641\u064a \u0623\u0644\u0645\u0627\u0646\u064a\u0627 - SLM-Health Germany\"},\"image\":{\"@id\":\"http:\\\/\\\/slm-health.com\\\/en\\\/#\\\/schema\\\/logo\\\/image\\\/\"},\"sameAs\":[\"https:\\\/\\\/x.com\\\/slmService2007\",\"https:\\\/\\\/www.instagram.com\\\/slm_health2007\\\/?hl=en\"]}]}<\/script>\n<!-- \/ Yoast SEO plugin. -->","yoast_head_json":{"title":"Our Uniqueness \u0627\u0644\u0639\u0644\u0627\u062c \u0641\u064a \u0623\u0644\u0645\u0627\u0646\u064a\u0627 - SLM-Health Germany","description":"\u0627\u0644\u0639\u0644\u0627\u062c \u0641\u064a \u0623\u0644\u0645\u0627\u0646\u064a\u0627 - \u0644\u0643\u0627\u0641\u0629 \u0627\u0644\u062d\u0627\u0644\u0627\u062a \u0627\u0644\u0645\u0631\u0636\u064a\u0629 \u0648\u0627\u0644\u0641\u062d\u0648\u0635\u0627\u062a \u0627\u0644\u0648\u0642\u0627\u0626\u064a\u0629, \u0646\u0633\u062a\u0642\u0628\u0644 \u0637\u0644\u0628\u0627\u062a\u0643\u0645 \u0648\u0623\u0633\u0626\u0644\u062a\u0643\u0645 \u0648\u0625\u0633\u062a\u0634\u0627\u0631\u0627\u062a\u0643\u0645 \u0627\u0644\u0637\u0628\u064a\u0629 (\u0639\u0644\u0649 \u0645\u062f\u0627\u0631 \u0627\u0644\u0633\u0627\u0639\u0629)","robots":{"index":"index","follow":"follow","max-snippet":"max-snippet:-1","max-image-preview":"max-image-preview:large","max-video-preview":"max-video-preview:-1"},"canonical":"https:\/\/slm-health.com\/en\/our-uniqueness\/","og_locale":"en_GB","og_type":"article","og_title":"Our Uniqueness \u0627\u0644\u0639\u0644\u0627\u062c \u0641\u064a \u0623\u0644\u0645\u0627\u0646\u064a\u0627 - SLM-Health Germany","og_description":"\u0627\u0644\u0639\u0644\u0627\u062c \u0641\u064a \u0623\u0644\u0645\u0627\u0646\u064a\u0627 - \u0644\u0643\u0627\u0641\u0629 \u0627\u0644\u062d\u0627\u0644\u0627\u062a \u0627\u0644\u0645\u0631\u0636\u064a\u0629 \u0648\u0627\u0644\u0641\u062d\u0648\u0635\u0627\u062a \u0627\u0644\u0648\u0642\u0627\u0626\u064a\u0629, \u0646\u0633\u062a\u0642\u0628\u0644 \u0637\u0644\u0628\u0627\u062a\u0643\u0645 \u0648\u0623\u0633\u0626\u0644\u062a\u0643\u0645 \u0648\u0625\u0633\u062a\u0634\u0627\u0631\u0627\u062a\u0643\u0645 \u0627\u0644\u0637\u0628\u064a\u0629 (\u0639\u0644\u0649 \u0645\u062f\u0627\u0631 \u0627\u0644\u0633\u0627\u0639\u0629)","og_url":"https:\/\/slm-health.com\/en\/our-uniqueness\/","og_site_name":"\u0627\u0644\u0639\u0644\u0627\u062c \u0641\u064a \u0623\u0644\u0645\u0627\u0646\u064a\u0627 - SLM-Health Germany","article_modified_time":"2022-04-19T16:59:01+00:00","twitter_card":"summary_large_image","twitter_site":"@slmService2007","twitter_misc":{"Estimated reading time":"1 minute"},"schema":{"@context":"https:\/\/schema.org","@graph":[{"@type":"WebPage","@id":"https:\/\/slm-health.com\/ar\/our-uniqueness\/","url":"https:\/\/slm-health.com\/ar\/our-uniqueness\/","name":"Our Uniqueness \u0627\u0644\u0639\u0644\u0627\u062c \u0641\u064a \u0623\u0644\u0645\u0627\u0646\u064a\u0627 - SLM-Health Germany","isPartOf":{"@id":"http:\/\/slm-health.com\/en\/#website"},"datePublished":"2022-03-31T13:19:46+00:00","dateModified":"2022-04-19T16:59:01+00:00","description":"\u0627\u0644\u0639\u0644\u0627\u062c \u0641\u064a \u0623\u0644\u0645\u0627\u0646\u064a\u0627 - \u0644\u0643\u0627\u0641\u0629 \u0627\u0644\u062d\u0627\u0644\u0627\u062a \u0627\u0644\u0645\u0631\u0636\u064a\u0629 \u0648\u0627\u0644\u0641\u062d\u0648\u0635\u0627\u062a \u0627\u0644\u0648\u0642\u0627\u0626\u064a\u0629, \u0646\u0633\u062a\u0642\u0628\u0644 \u0637\u0644\u0628\u0627\u062a\u0643\u0645 \u0648\u0623\u0633\u0626\u0644\u062a\u0643\u0645 \u0648\u0625\u0633\u062a\u0634\u0627\u0631\u0627\u062a\u0643\u0645 \u0627\u0644\u0637\u0628\u064a\u0629 (\u0639\u0644\u0649 \u0645\u062f\u0627\u0631 \u0627\u0644\u0633\u0627\u0639\u0629)","breadcrumb":{"@id":"https:\/\/slm-health.com\/ar\/our-uniqueness\/#breadcrumb"},"inLanguage":"en-GB","potentialAction":[{"@type":"ReadAction","target":["https:\/\/slm-health.com\/ar\/our-uniqueness\/"]}]},{"@type":"BreadcrumbList","@id":"https:\/\/slm-health.com\/ar\/our-uniqueness\/#breadcrumb","itemListElement":[{"@type":"ListItem","position":1,"name":"Startseite","item":"http:\/\/slm-health.com\/en\/"},{"@type":"ListItem","position":2,"name":"Our Uniqueness"}]},{"@type":"WebSite","@id":"http:\/\/slm-health.com\/en\/#website","url":"http:\/\/slm-health.com\/en\/","name":"\u0627\u0644\u0639\u0644\u0627\u062c \u0641\u064a \u0623\u0644\u0645\u0627\u0646\u064a\u0627 - SLM-Health Germany","description":"\u0627\u0644\u0639\u0644\u0627\u062c \u0641\u064a \u0623\u0644\u0645\u0627\u0646\u064a\u0627 - \u0644\u0643\u0627\u0641\u0629 \u0627\u0644\u062d\u0627\u0644\u0627\u062a \u0627\u0644\u0645\u0631\u0636\u064a\u0629 \u0648\u0627\u0644\u0641\u062d\u0648\u0635\u0627\u062a \u0627\u0644\u0648\u0642\u0627\u0626\u064a\u0629, \u0646\u0633\u062a\u0642\u0628\u0644 \u0637\u0644\u0628\u0627\u062a\u0643\u0645 \u0648\u0623\u0633\u0626\u0644\u062a\u0643\u0645 \u0648\u0625\u0633\u062a\u0634\u0627\u0631\u0627\u062a\u0643\u0645 \u0627\u0644\u0637\u0628\u064a\u0629 &quot;\u0639\u0644\u0649 \u0645\u062f\u0627\u0631 \u0627\u0644\u0633\u0627\u0639\u0629 &quot;","publisher":{"@id":"http:\/\/slm-health.com\/en\/#organization"},"potentialAction":[{"@type":"SearchAction","target":{"@type":"EntryPoint","urlTemplate":"http:\/\/slm-health.com\/en\/?s={search_term_string}"},"query-input":{"@type":"PropertyValueSpecification","valueRequired":true,"valueName":"search_term_string"}}],"inLanguage":"en-GB"},{"@type":"Organization","@id":"http:\/\/slm-health.com\/en\/#organization","name":"\u0627\u0644\u0639\u0644\u0627\u062c \u0641\u064a \u0623\u0644\u0645\u0627\u0646\u064a\u0627 - SLM-Health Germany","url":"http:\/\/slm-health.com\/en\/","logo":{"@type":"ImageObject","inLanguage":"en-GB","@id":"http:\/\/slm-health.com\/en\/#\/schema\/logo\/image\/","url":"https:\/\/slm-health.com\/wp-content\/uploads\/2022\/04\/8CD77F4F-8DEF-4CC3-9756-D7BBE81A489A-e1650031049836.png","contentUrl":"https:\/\/slm-health.com\/wp-content\/uploads\/2022\/04\/8CD77F4F-8DEF-4CC3-9756-D7BBE81A489A-e1650031049836.png","width":512,"height":512,"caption":"\u0627\u0644\u0639\u0644\u0627\u062c \u0641\u064a \u0623\u0644\u0645\u0627\u0646\u064a\u0627 - SLM-Health Germany"},"image":{"@id":"http:\/\/slm-health.com\/en\/#\/schema\/logo\/image\/"},"sameAs":["https:\/\/x.com\/slmService2007","https:\/\/www.instagram.com\/slm_health2007\/?hl=en"]}]}},"jetpack_sharing_enabled":true,"_links":{"self":[{"href":"https:\/\/slm-health.com\/en\/wp-json\/wp\/v2\/pages\/188","targetHints":{"allow":["GET"]}}],"collection":[{"href":"https:\/\/slm-health.com\/en\/wp-json\/wp\/v2\/pages"}],"about":[{"href":"https:\/\/slm-health.com\/en\/wp-json\/wp\/v2\/types\/page"}],"author":[{"embeddable":true,"href":"https:\/\/slm-health.com\/en\/wp-json\/wp\/v2\/users\/1"}],"replies":[{"embeddable":true,"href":"https:\/\/slm-health.com\/en\/wp-json\/wp\/v2\/comments?post=188"}],"version-history":[{"count":5,"href":"https:\/\/slm-health.com\/en\/wp-json\/wp\/v2\/pages\/188\/revisions"}],"predecessor-version":[{"id":647,"href":"https:\/\/slm-health.com\/en\/wp-json\/wp\/v2\/pages\/188\/revisions\/647"}],"wp:attachment":[{"href":"https:\/\/slm-health.com\/en\/wp-json\/wp\/v2\/media?parent=188"}],"curies":[{"name":"wp","href":"https:\/\/api.w.org\/{rel}","templated":true}]}}